{"id":4323,"date":"2022-09-04T17:01:02","date_gmt":"2022-09-04T17:01:02","guid":{"rendered":"http:\/\/mindsoultrainer.com\/?page_id=4323"},"modified":"2024-11-15T20:58:12","modified_gmt":"2024-11-15T20:58:12","slug":"land_page","status":"publish","type":"page","link":"https:\/\/www.mindsoultrainer.com\/?page_id=4323","title":{"rendered":"Pagina Inicial"},"content":{"rendered":"<p><\/p><figure class=\"is-layout-flow wp-block-column-is-layout-flow\"><a href=\"https:\/\/www.mindsoultrainer.com\/?page_id=4323\"><img decoding=\"async\" src=\"http:\/\/mindsoultrainer.com\/wp-content\/uploads\/2020\/07\/image-5-1024x890.png\" alt=\"\" \/><\/a><\/figure><p> <\/p><p class=\"is-layout-flow wp-block-column-is-layout-flow\"><em><strong>&#8220;Lideran\u00e7a, Prop\u00f3sito e Autoconhecimento est\u00e3o intimamente entrele\u00e7ados &#8211; Compartilho experi\u00eancias que possam servir de inspira\u00e7\u00e3o a outros l\u00edderes e irm\u00e3os do Caminho&#8221;<\/strong><\/em><\/p> <p><strong>Consci\u00eancia, Responsabilidade, Aten\u00e7\u00e3o e Discernimento em todas as nossas pequenas e grandes a\u00e7\u00f5es<\/strong><\/p> <p>&#8220;<em>A Felicidade est\u00e1 na simplicidade de cada passo do nosso caminho&#8221;<\/em><\/p><p><\/p>\t\t\n\t\t\t<h2>Em Marcha&#8230;<\/h2>\t\t\n\t\t\t\t\t\t\t<a href=\"https:\/\/mindsoultrainer.com\/wp-content\/uploads\/2024\/11\/IMG-20240531-WA0016.jpg\" data-elementor-open-lightbox=\"yes\" data-elementor-lightbox-slideshow=\"dc2737d\" data-elementor-lightbox-title=\"IMG-20240531-WA0016\" data-e-action-hash=\"#elementor-action%3Aaction%3Dlightbox%26settings%3DeyJpZCI6NTE2MSwidXJsIjoiaHR0cHM6XC9cL21pbmRzb3VsdHJhaW5lci5jb21cL3dwLWNvbnRlbnRcL3VwbG9hZHNcLzIwMjRcLzExXC9JTUctMjAyNDA1MzEtV0EwMDE2LmpwZyIsInNsaWRlc2hvdyI6ImRjMjczN2QifQ%3D%3D\">\n\t\t\t\t\t\t\t\t\t\t\t\t\t\t\t\t\t\tLideran\u00e7a\t\t\t\t\t\t\t\t\n\t\t\t\t\t\t\t\t\t<\/a>\n\t\t\t\t\t\t\t<a href=\"https:\/\/mindsoultrainer.com\/wp-content\/uploads\/2020\/02\/Imagem-1552.jpg\" data-elementor-open-lightbox=\"yes\" data-elementor-lightbox-slideshow=\"dc2737d\" data-elementor-lightbox-title=\"Autoconhecimento\" data-e-action-hash=\"#elementor-action%3Aaction%3Dlightbox%26settings%3DeyJpZCI6OTUsInVybCI6Imh0dHBzOlwvXC9taW5kc291bHRyYWluZXIuY29tXC93cC1jb250ZW50XC91cGxvYWRzXC8yMDIwXC8wMlwvSW1hZ2VtLTE1NTIuanBnIiwic2xpZGVzaG93IjoiZGMyNzM3ZCJ9\">\n\t\t\t\t\t\t\t\t\t\t\t\t\t\t\t\t\t\tAuto conhecimento\t\t\t\t\t\t\t\t\n\t\t\t\t\t\t\t\t\t<\/a>\n\t\t\t\t\t\t\t<a href=\"https:\/\/mindsoultrainer.com\/wp-content\/uploads\/2022\/05\/image-2.png\" data-elementor-open-lightbox=\"yes\" data-elementor-lightbox-slideshow=\"dc2737d\" data-elementor-lightbox-title=\"Esportes &amp; Corpo\" data-e-action-hash=\"#elementor-action%3Aaction%3Dlightbox%26settings%3DeyJpZCI6Mzg1OSwidXJsIjoiaHR0cHM6XC9cL21pbmRzb3VsdHJhaW5lci5jb21cL3dwLWNvbnRlbnRcL3VwbG9hZHNcLzIwMjJcLzA1XC9pbWFnZS0yLnBuZyIsInNsaWRlc2hvdyI6ImRjMjczN2QifQ%3D%3D\">\n\t\t\t\t\t\t\t\t\t\t\t\t\t\t\t\t\t\tEsportes &#038; Corpo\t\t\t\t\t\t\t\t\n\t\t\t\t\t\t\t\t\t<\/a>\n\t\t\t\t\t\t\t<a href=\"https:\/\/mindsoultrainer.com\/wp-content\/uploads\/2020\/07\/369-scaled-1.jpg\" data-elementor-open-lightbox=\"yes\" data-elementor-lightbox-slideshow=\"dc2737d\" data-elementor-lightbox-title=\"Medita\u00e7\u00e3o &amp; Mente\" data-e-action-hash=\"#elementor-action%3Aaction%3Dlightbox%26settings%3DeyJpZCI6MTcxOCwidXJsIjoiaHR0cHM6XC9cL21pbmRzb3VsdHJhaW5lci5jb21cL3dwLWNvbnRlbnRcL3VwbG9hZHNcLzIwMjBcLzA3XC8zNjktc2NhbGVkLTEuanBnIiwic2xpZGVzaG93IjoiZGMyNzM3ZCJ9\">\n\t\t\t\t\t\t\t\t\t\t\t\t\t\t\t\t\t\tMedita\u00e7\u00e3o &#038; Mente\t\t\t\t\t\t\t\t\n\t\t\t\t\t\t\t\t\t<\/a>\n\t\t\t\t\t\t\t<a href=\"https:\/\/mindsoultrainer.com\/wp-content\/uploads\/2020\/04\/book-1209805-1-scaled.jpg\" data-elementor-open-lightbox=\"yes\" data-elementor-lightbox-slideshow=\"dc2737d\" data-elementor-lightbox-title=\"Religare &amp; Alma\" data-e-action-hash=\"#elementor-action%3Aaction%3Dlightbox%26settings%3DeyJpZCI6NDkyLCJ1cmwiOiJodHRwczpcL1wvbWluZHNvdWx0cmFpbmVyLmNvbVwvd3AtY29udGVudFwvdXBsb2Fkc1wvMjAyMFwvMDRcL2Jvb2stMTIwOTgwNS0xLXNjYWxlZC5qcGciLCJzbGlkZXNob3ciOiJkYzI3MzdkIn0%3D\">\n\t\t\t\t\t\t\t\t\t\t\t\t\t\t\t\t\t\tReligare &#038; Alma\t\t\t\t\t\t\t\t\n\t\t\t\t\t\t\t\t\t<\/a>\n\t\t\t\t\t\t\t<a href=\"https:\/\/mindsoultrainer.com\/wp-content\/uploads\/2020\/07\/20150222_CHI_0116-e-1.jpg\" data-elementor-open-lightbox=\"yes\" data-elementor-lightbox-slideshow=\"dc2737d\" data-elementor-lightbox-title=\"O Caminho do Yoga\" data-e-action-hash=\"#elementor-action%3Aaction%3Dlightbox%26settings%3DeyJpZCI6MTU5NSwidXJsIjoiaHR0cHM6XC9cL21pbmRzb3VsdHJhaW5lci5jb21cL3dwLWNvbnRlbnRcL3VwbG9hZHNcLzIwMjBcLzA3XC8yMDE1MDIyMl9DSElfMDExNi1lLTEuanBnIiwic2xpZGVzaG93IjoiZGMyNzM3ZCJ9\">\n\t\t\t\t\t\t\t\t\t\t\t\t\t\t\t\t\t\tAshtanga &#8211; O caminho \u00f3ctuplo do Yoga\t\t\t\t\t\t\t\t\n\t\t\t\t\t\t\t\t\t<\/a>\n\t\t\t\t\t\t\t<a href=\"https:\/\/mindsoultrainer.com\/wp-content\/uploads\/2020\/06\/Imagem-1343.jpg\" data-elementor-open-lightbox=\"yes\" data-elementor-lightbox-slideshow=\"dc2737d\" data-elementor-lightbox-title=\"Viagens &amp; Peregrina\u00e7\u00f5es\" data-e-action-hash=\"#elementor-action%3Aaction%3Dlightbox%26settings%3DeyJpZCI6MTEwOSwidXJsIjoiaHR0cHM6XC9cL21pbmRzb3VsdHJhaW5lci5jb21cL3dwLWNvbnRlbnRcL3VwbG9hZHNcLzIwMjBcLzA2XC9JbWFnZW0tMTM0My5qcGciLCJzbGlkZXNob3ciOiJkYzI3MzdkIn0%3D\">\n\t\t\t\t\t\t\t\t\t\t\t\t\t\t\t\t\t\tViagens &#038; Peregrina\u00e7\u00f5es\t\t\t\t\t\t\t\t\n\t\t\t\t\t\t\t\t\t<\/a>\n\t\t\t\t\t\t\t<a href=\"https:\/\/mindsoultrainer.com\/wp-content\/uploads\/2022\/08\/WhatsApp-Image-2022-08-14-at-12.52.42.jpeg\" data-elementor-open-lightbox=\"yes\" data-elementor-lightbox-slideshow=\"dc2737d\" data-elementor-lightbox-title=\"M\u00fasica &amp; Artes\" data-e-action-hash=\"#elementor-action%3Aaction%3Dlightbox%26settings%3DeyJpZCI6NDEzOSwidXJsIjoiaHR0cHM6XC9cL21pbmRzb3VsdHJhaW5lci5jb21cL3dwLWNvbnRlbnRcL3VwbG9hZHNcLzIwMjJcLzA4XC9XaGF0c0FwcC1JbWFnZS0yMDIyLTA4LTE0LWF0LTEyLjUyLjQyLmpwZWciLCJzbGlkZXNob3ciOiJkYzI3MzdkIn0%3D\">\n\t\t\t\t\t\t\t\t\t\t\t\t\t\t\t\t\t\tM\u00fasica &#038; Artes\t\t\t\t\t\t\t\t\n\t\t\t\t\t\t\t\t\t<\/a>\n\t\t\t\t\t\t\t<a href=\"https:\/\/mindsoultrainer.com\/wp-content\/uploads\/2024\/09\/IMG_20150118_204547417.jpg\" data-elementor-open-lightbox=\"yes\" data-elementor-lightbox-slideshow=\"dc2737d\" data-elementor-lightbox-title=\"IMG_20150118_204547417\" data-e-action-hash=\"#elementor-action%3Aaction%3Dlightbox%26settings%3DeyJpZCI6NDg3OCwidXJsIjoiaHR0cHM6XC9cL21pbmRzb3VsdHJhaW5lci5jb21cL3dwLWNvbnRlbnRcL3VwbG9hZHNcLzIwMjRcLzA5XC9JTUdfMjAxNTAxMThfMjA0NTQ3NDE3LmpwZyIsInNsaWRlc2hvdyI6ImRjMjczN2QifQ%3D%3D\">\n\t\t\t\t\t\t\t\t\t\t\t\t\t\t\t\t\t\tTradi\u00e7\u00f5es\t\t\t\t\t\t\t\t\n\t\t\t\t\t\t\t\t\t<\/a>\n\t\t\t<h2>Publica\u00e7\u00f5es Recentes<\/h2>\t\t\n\t\t<p><strong>Coldplay &#8211; We Pray\u00a0 \u00a0\u00a0<\/strong> <em>@mindsoultrainer<\/em><\/p>https:\/\/youtu.be\/-wyV4D1WSCA?si=YpSOfEX4oLwPfFe6\t\t\n\t\t\t<h2>Autoconhecimento<\/h2>\t\t\n\t\t\t<h2>Esportes &amp; Corpo<\/h2>\t\t\n\t\t\t<h2>Lideran\u00e7a<\/h2>\t\t\n\t\t\t<h2>Religare &amp; Tradi\u00e7\u00f5es<\/h2>\t\t\n\t\t\t<h2>Ashtanga &#8211; O caminho \u00f3ctuplo do Yoga<\/h2>\t\t\n\t\t\t\t\t\t\t\t\t\t\t\t\t<img decoding=\"async\" src=\"https:\/\/mindsoultrainer.com\/wp-content\/uploads\/2020\/06\/ashtanga.png\" title=\"ashtanga\" alt=\"ashtanga\" loading=\"lazy\" \/>\t\t\t\t\t\t\t\t\t\t\t\t\t\n\t\t\t<h2>Viagens &amp; Peregrina\u00e7\u00f5es<\/h2>\t\t\n\t\t\t<h2>M\u00fasica &amp; Arte<\/h2>\t\t\n\t\t\t<h2>GAYATRI MANTRA<\/h2>\t\t\n\t\t<p><em><em><strong><em>&#8220;Oh Supremo; (quem \u00e9) os mundos f\u00edsico, astral (e) causal (ele mesmo) \/ (voc\u00ea \u00e9) a fonte de tudo, merecendo toda adora\u00e7\u00e3o \/ (O) radiante, divino; (n\u00f3s) meditamos (sobre voc\u00ea) \/ Impulsione nosso intelecto (em dire\u00e7\u00e3o \u00e0 libera\u00e7\u00e3o ou liberdade)&#8221;<\/em><\/strong><\/em><\/em><\/p>https:\/\/youtu.be\/-RvEYjX4KGk","protected":false},"excerpt":{"rendered":"<p>&#8220;Lideran\u00e7a, Prop\u00f3sito e Autoconhecimento est\u00e3o intimamente entrele\u00e7ados &#8211; Compartilho experi\u00eancias que possam servir de inspira\u00e7\u00e3o a<\/p>\n","protected":false},"author":8,"featured_media":4265,"parent":0,"menu_order":0,"comment_status":"closed","ping_status":"closed","template":"","meta":{"footnotes":""},"class_list":["post-4323","page","type-page","status-publish","has-post-thumbnail","hentry","has-thumbnail"],"_links":{"self":[{"href":"https:\/\/www.mindsoultrainer.com\/index.php?rest_route=\/wp\/v2\/pages\/4323","targetHints":{"allow":["GET"]}}],"collection":[{"href":"https:\/\/www.mindsoultrainer.com\/index.php?rest_route=\/wp\/v2\/pages"}],"about":[{"href":"https:\/\/www.mindsoultrainer.com\/index.php?rest_route=\/wp\/v2\/types\/page"}],"author":[{"embeddable":true,"href":"https:\/\/www.mindsoultrainer.com\/index.php?rest_route=\/wp\/v2\/users\/8"}],"replies":[{"embeddable":true,"href":"https:\/\/www.mindsoultrainer.com\/index.php?rest_route=%2Fwp%2Fv2%2Fcomments&post=4323"}],"version-history":[{"count":203,"href":"https:\/\/www.mindsoultrainer.com\/index.php?rest_route=\/wp\/v2\/pages\/4323\/revisions"}],"predecessor-version":[{"id":5165,"href":"https:\/\/www.mindsoultrainer.com\/index.php?rest_route=\/wp\/v2\/pages\/4323\/revisions\/5165"}],"wp:featuredmedia":[{"embeddable":true,"href":"https:\/\/www.mindsoultrainer.com\/index.php?rest_route=\/wp\/v2\/media\/4265"}],"wp:attachment":[{"href":"https:\/\/www.mindsoultrainer.com\/index.php?rest_route=%2Fwp%2Fv2%2Fmedia&parent=4323"}],"curies":[{"name":"wp","href":"https:\/\/api.w.org\/{rel}","templated":true}]}}